{"id":55,"date":"2022-05-14T15:23:01","date_gmt":"2022-05-14T15:23:01","guid":{"rendered":"https:\/\/apply-w7-now.com\/?page_id=55"},"modified":"2024-07-12T18:41:12","modified_gmt":"2024-07-12T18:41:12","slug":"terms-and-conditions","status":"publish","type":"page","link":"https:\/\/apply-w7-now.com\/es\/terms-and-conditions\/","title":{"rendered":"T\u00e9rminos y condiciones"},"content":{"rendered":"<div data-elementor-type=\"wp-page\" data-elementor-id=\"55\" class=\"elementor elementor-55\" data-elementor-post-type=\"page\">\n\t\t\t\t\t\t<section class=\"elementor-section elementor-top-section elementor-element elementor-element-79c56ac3 elementor-section-boxed elementor-section-height-default elementor-section-height-default\" data-id=\"79c56ac3\" data-element_type=\"section\">\n\t\t\t\t\t\t<div class=\"elementor-container elementor-column-gap-default\">\n\t\t\t\t\t<div class=\"elementor-column elementor-col-100 elementor-top-column elementor-element elementor-element-fb54db2\" data-id=\"fb54db2\" data-element_type=\"column\">\n\t\t\t<div class=\"elementor-widget-wrap elementor-element-populated\">\n\t\t\t\t\t\t<div class=\"elementor-element elementor-element-3e20bbc5 elementor-widget elementor-widget-text-editor\" data-id=\"3e20bbc5\" data-element_type=\"widget\" data-widget_type=\"text-editor.default\">\n\t\t\t\t<div class=\"elementor-widget-container\">\n\t\t\t<style>\/*! elementor - v3.23.0 - 15-07-2024 *\/\n.elementor-widget-text-editor.elementor-drop-cap-view-stacked .elementor-drop-cap{background-color:#69727d;color:#fff}.elementor-widget-text-editor.elementor-drop-cap-view-framed .elementor-drop-cap{color:#69727d;border:3px solid;background-color:transparent}.elementor-widget-text-editor:not(.elementor-drop-cap-view-default) .elementor-drop-cap{margin-top:8px}.elementor-widget-text-editor:not(.elementor-drop-cap-view-default) .elementor-drop-cap-letter{width:1em;height:1em}.elementor-widget-text-editor .elementor-drop-cap{float:left;text-align:center;line-height:1;font-size:50px}.elementor-widget-text-editor .elementor-drop-cap-letter{display:inline-block}<\/style>\t\t\t\t<h2>T\u00e9rminos y condiciones\u00a0<\/h2><p>Lea atentamente estos T\u00e9rminos y condiciones antes de utilizar el sitio web Apply-W7-Now.com y los servicios relacionados con la asistencia para la solicitud de ITIN operados por Apply-W7-Now.com.<\/p><ol><li><p><strong>Acknowledgment of Terms:<\/strong> Your access to or use of the Website and Services constitutes your acceptance and agreement to be bound by these Terms. If you do not agree with any portion of these Terms, you are not permitted to use our Website or Services.<\/p><\/li><li><div><div><div><div><div><b>Uso de servicios:<\/b><\/div><\/div><\/div><\/div><\/div><div><div><div><div dir=\"auto\" data-message-author-role=\"assistant\" data-message-id=\"b26151dc-b94f-4248-b876-82e7eb15138b\"><div><div><p>Eligibility: To use our Services, you must be at least 18 years old and legally able to enter into agreements. By using our Services, you agree to comply with all applicable laws, regulations, and these Terms.<\/p><\/div><\/div><\/div><\/div><\/div><\/div><\/li><li><ul><li><span style=\"font-weight: bolder;\">Derechos de propiedad intelectual:<\/span><\/li><li>Propiedad: la totalidad del contenido, las marcas comerciales, los logotipos y la propiedad intelectual que aparecen en el sitio web son de nuestra propiedad o nuestros licenciantes nos los otorgan, lo que afirma nuestra dedicaci\u00f3n a defender los derechos de propiedad intelectual con integridad y respeto.<\/li><li>Limited Usage Rights: You are granted a specific, non-exclusive, and non-transferable license to access and utilize the Website and Services solely for personal, non-commercial purposes.<\/li><\/ul><\/li><li><p><strong>Responsabilidades del usuario:<\/strong><\/p><ul><li>Informaci\u00f3n precisa: Usted acepta proporcionar informaci\u00f3n precisa y completa al utilizar nuestros Servicios o interactuar con el Sitio web.<\/li><li>Seguridad de la cuenta: salvaguardar las credenciales de su cuenta y supervisar cualquier actividad realizada a trav\u00e9s de su cuenta es su responsabilidad, garantizando la seguridad e integridad de su informaci\u00f3n e interacciones.<\/li><\/ul><\/li><li><p><strong>Pago y Reembolsos:<\/strong><\/p><ul><li>Tarifas: Algunos Servicios pueden requerir el pago de tarifas. Al utilizar dichos Servicios, usted acepta pagar las tarifas aplicables como se describe.<\/li><li>Reembolsos: las pol\u00edticas de reembolso de los Servicios pagos se describen por separado y est\u00e1n sujetas a nuestra discreci\u00f3n.<\/li><\/ul><\/li><li><p><strong>Limitaci\u00f3n de responsabilidad:<\/strong><\/p><ul><li>Descargo de responsabilidad: Brindamos nuestros Servicios \"tal cual\" y \"seg\u00fan disponibilidad\", sin garant\u00edas ni garant\u00edas.<\/li><li>Limitaci\u00f3n: En ning\u00fan caso seremos responsables de ning\u00fan da\u00f1o indirecto, incidental, especial, que venga despu\u00e9s y no sea causado directamente por nuestro sitio web, o cualquier castigo otorgado por un tribunal por su uso del sitio web o los servicios.<\/li><\/ul><\/li><li><p><strong>Indemnizaci\u00f3n:<\/strong><\/p><ul><li>Usted se compromete a reembolsar, defender y salvaguardarnos a nosotros y a nuestros afiliados, funcionarios, directores, empleados y agentes contra cualquier reclamo, responsabilidad, da\u00f1o o gasto que resulte de su utilizaci\u00f3n del sitio web o los servicios, demostrando su dedicaci\u00f3n a la integridad y la responsabilidad colaborativa. en nuestros compromisos..<\/li><\/ul><\/li><li><p><strong>Enlaces de terceros:<\/strong><\/p><ul><li>Nuestro sitio web puede incluir enlaces a sitios web externos. No asumimos responsabilidad por las pr\u00e1cticas de privacidad, el contenido o la precisi\u00f3n de dichos sitios de terceros.<\/li><\/ul><\/li><li><p><strong>Modificaciones a los t\u00e9rminos:<\/strong><\/p><ul><li>Nos reservamos el derecho de modificar o actualizar estos T\u00e9rminos en cualquier momento. Cualquier revisi\u00f3n entrar\u00e1 en vigor inmediatamente despu\u00e9s de la publicaci\u00f3n de los T\u00e9rminos actualizados en el sitio web, lo que garantiza la transparencia y lo mantiene informado sobre cualquier modificaci\u00f3n de nuestros t\u00e9rminos de servicio.<\/li><li>El uso continuo del sitio web o de los servicios despu\u00e9s de dichas modificaciones significa que usted acepta los t\u00e9rminos modificados.<\/li><\/ul><\/li><li><p><strong>Ley aplicable:<\/strong><\/p><\/li><\/ol><ul><li style=\"list-style-type: none;\"><ul><li>These Terms will be governed by and construed in accordance with the laws of the United States, taking into consideration their conflict of law principles, to establish a just and fair legal framework for all parties concerned.<\/li><\/ul><\/li><\/ul><ol start=\"11\"><li><strong>Cont\u00e1ctenos:<\/strong><\/li><\/ol><ul><li style=\"list-style-type: none;\"><ul><li>Si tiene alguna pregunta, inquietud o comentario sobre estos T\u00e9rminos, comun\u00edquese con nosotros mediante nuestro formulario de contacto.<\/li><\/ul><\/li><\/ul><p>By utilizing our Website and Services, you affirm that you have carefully reviewed, fully understood, and agreed to abide by these Terms and Conditions. It is your responsibility to periodically check these Terms for any updates or changes.<\/p>\t\t\t\t\t\t<\/div>\n\t\t\t\t<\/div>\n\t\t\t\t\t<\/div>\n\t\t<\/div>\n\t\t\t\t\t<\/div>\n\t\t<\/section>\n\t\t\t\t<\/div>","protected":false},"excerpt":{"rendered":"<p>Terms and Conditions\u00a0 Please read these Terms and Conditions carefully before using the Apply-W7-Now.com website and services related to ITIN application assistance operated by Apply-W7-Now.com. Acknowledgment of Terms: Your access to or use of the Website and Services constitutes your acceptance and agreement to be bound by these Terms. If you do not agree with [&hellip;]<\/p>","protected":false},"author":1,"featured_media":0,"parent":0,"menu_order":0,"comment_status":"closed","ping_status":"closed","template":"elementor_header_footer","meta":{"footnotes":""},"class_list":["post-55","page","type-page","status-publish","hentry"],"_links":{"self":[{"href":"https:\/\/apply-w7-now.com\/es\/wp-json\/wp\/v2\/pages\/55","targetHints":{"allow":["GET"]}}],"collection":[{"href":"https:\/\/apply-w7-now.com\/es\/wp-json\/wp\/v2\/pages"}],"about":[{"href":"https:\/\/apply-w7-now.com\/es\/wp-json\/wp\/v2\/types\/page"}],"author":[{"embeddable":true,"href":"https:\/\/apply-w7-now.com\/es\/wp-json\/wp\/v2\/users\/1"}],"replies":[{"embeddable":true,"href":"https:\/\/apply-w7-now.com\/es\/wp-json\/wp\/v2\/comments?post=55"}],"version-history":[{"count":115,"href":"https:\/\/apply-w7-now.com\/es\/wp-json\/wp\/v2\/pages\/55\/revisions"}],"predecessor-version":[{"id":5575,"href":"https:\/\/apply-w7-now.com\/es\/wp-json\/wp\/v2\/pages\/55\/revisions\/5575"}],"wp:attachment":[{"href":"https:\/\/apply-w7-now.com\/es\/wp-json\/wp\/v2\/media?parent=55"}],"curies":[{"name":"wp","href":"https:\/\/api.w.org\/{rel}","templated":true}]}}