{"id":42,"date":"2022-05-14T15:20:46","date_gmt":"2022-05-14T15:20:46","guid":{"rendered":"https:\/\/apply-w7-now.com\/?page_id=42"},"modified":"2024-06-25T21:23:21","modified_gmt":"2024-06-25T21:23:21","slug":"privacy-policy-2","status":"publish","type":"page","link":"https:\/\/apply-w7-now.com\/es\/privacy-policy-2\/","title":{"rendered":"pol\u00edtica de privacidad"},"content":{"rendered":"<div data-elementor-type=\"wp-page\" data-elementor-id=\"42\" class=\"elementor elementor-42\" data-elementor-post-type=\"page\">\n\t\t\t\t\t\t<section class=\"elementor-section elementor-top-section elementor-element elementor-element-711f1e4a elementor-section-boxed elementor-section-height-default elementor-section-height-default\" data-id=\"711f1e4a\" data-element_type=\"section\">\n\t\t\t\t\t\t<div class=\"elementor-container elementor-column-gap-default\">\n\t\t\t\t\t<div class=\"elementor-column elementor-col-100 elementor-top-column elementor-element elementor-element-60792343\" data-id=\"60792343\" data-element_type=\"column\">\n\t\t\t<div class=\"elementor-widget-wrap elementor-element-populated\">\n\t\t\t\t\t\t<div class=\"elementor-element elementor-element-522acb0e elementor-widget elementor-widget-text-editor\" data-id=\"522acb0e\" data-element_type=\"widget\" data-widget_type=\"text-editor.default\">\n\t\t\t\t<div class=\"elementor-widget-container\">\n\t\t\t<style>\/*! elementor - v3.23.0 - 15-07-2024 *\/\n.elementor-widget-text-editor.elementor-drop-cap-view-stacked .elementor-drop-cap{background-color:#69727d;color:#fff}.elementor-widget-text-editor.elementor-drop-cap-view-framed .elementor-drop-cap{color:#69727d;border:3px solid;background-color:transparent}.elementor-widget-text-editor:not(.elementor-drop-cap-view-default) .elementor-drop-cap{margin-top:8px}.elementor-widget-text-editor:not(.elementor-drop-cap-view-default) .elementor-drop-cap-letter{width:1em;height:1em}.elementor-widget-text-editor .elementor-drop-cap{float:left;text-align:center;line-height:1;font-size:50px}.elementor-widget-text-editor .elementor-drop-cap-letter{display:inline-block}<\/style>\t\t\t\t<h2>pol\u00edtica de privacidad<\/h2><p>En Apply-W7-Now.com, estamos comprometidos a proteger su privacidad y garantizar la seguridad de su informaci\u00f3n personal. Nuestra Pol\u00edtica de Privacidad describe el proceso meticuloso a trav\u00e9s del cual recopilamos, utilizamos, divulgamos y salvaguardamos sus datos cada vez que explora nuestro sitio web o utiliza nuestros servicios relacionados con la asistencia para la solicitud de ITIN.<\/p><ol><li><p><strong>Los datos que adquirimos:<\/strong><\/p><ul><li>Informaci\u00f3n personal: a medida que utiliza nuestros servicios o navega por nuestro sitio web, podemos recopilar datos personales esenciales y cruciales para facilitar la asistencia con la solicitud del ITIN, incluido su nombre, informaci\u00f3n de contacto, fecha de nacimiento y datos pertinentes relacionados con los impuestos. Esto nos ayuda a adaptar nuestros servicios a sus necesidades \u00fanicas y garantizar una experiencia perfecta.<\/li><li>Informaci\u00f3n de uso: adem\u00e1s de los datos personales, tambi\u00e9n podemos recopilar informaci\u00f3n no personal vinculada a su participaci\u00f3n en el sitio web, que abarca detalles como la direcci\u00f3n IP, especificaciones del navegador, detalles del dispositivo y datos de cookies. Este enfoque hol\u00edstico ayuda a perfeccionar la experiencia del usuario y adaptar nuestros servicios para satisfacer sus necesidades cambiantes de manera efectiva.<\/li><\/ul><\/li><li><p><strong>Utilizando sus datos:<\/strong><\/p><ul><li>Proporcionar servicios: utilizamos su informaci\u00f3n personal para brindarle asistencia con la solicitud de ITIN y servicios relacionados.<\/li><li>Comunicaci\u00f3n: Podemos utilizar su informaci\u00f3n de contacto para comunicarnos con usted sobre el estado de su solicitud, actualizaciones e informaci\u00f3n importante relacionada con nuestros servicios.<\/li><li>Mejora de los servicios: su informaci\u00f3n de uso nos ayuda a analizar el rendimiento del sitio web, mejorar la experiencia del usuario y mejorar nuestros servicios.<\/li><\/ul><\/li><li><p><strong>Sharing and Disclosure of Information:<\/strong><\/p><ul><li>Collaboration with External Service Providers: We work with trusted partners to deliver our services, including ITIN processing agencies, financial institutions, or legal advisors, with whom we may share your information.<\/li><li>Cumplimiento legal: Podemos divulgar su informaci\u00f3n si as\u00ed lo exige la ley o para proteger nuestros derechos, propiedad o seguridad, o la de otros.<\/li><\/ul><\/li><li><p><strong>Seguridad de datos:<\/strong><\/p><ul><li>Utilizing state-of-the-art security measures, we strengthen the security of your personal information, preventing unauthorized access, disclosure, alteration, or destruction. This guarantees the highest level of data protection, ensuring your privacy and providing you with peace of mind.<\/li><li>Sin embargo, ning\u00fan m\u00e9todo de transmisi\u00f3n a trav\u00e9s de Internet o almacenamiento electr\u00f3nico es 100% seguro. Si bien implementamos diligentemente estrictas medidas de seguridad, es importante tener en cuenta que no podemos brindar garant\u00edas de seguridad absolutas.<\/li><\/ul><\/li><li><p><strong>Cookies y seguimiento:<\/strong><\/p><ul><li>Empleamos cookies y tecnolog\u00edas de seguimiento similares para enriquecer su recorrido de navegaci\u00f3n, analizar la participaci\u00f3n en el sitio web y adaptar el contenido a sus preferencias.<\/li><li>You have the ability to customize your cookie preferences via your browser settings; however, please note that disabling cookies could impact specific functionalities of the website.<\/li><\/ul><\/li><li><p><strong>Sus derechos y opciones:<\/strong><\/p><ul><li>Tiene derecho a acceder, actualizar o eliminar su informaci\u00f3n personal comunic\u00e1ndose con nosotros a trav\u00e9s de la informaci\u00f3n proporcionada a continuaci\u00f3n.<\/li><li>Puede optar por no recibir nuestras comunicaciones de marketing siguiendo las instrucciones de la comunicaci\u00f3n o contact\u00e1ndonos directamente.<\/li><\/ul><\/li><li><p><strong>Privacidad de los ni\u00f1os:<\/strong><\/p><ul><li>Nuestros servicios no est\u00e1n dirigidos a personas menores de 18 a\u00f1os y nos abstenemos de recopilar deliberadamente informaci\u00f3n personal de ni\u00f1os.<\/li><\/ul><\/li><li><p><strong>Actualizaciones de esta pol\u00edtica:<\/strong><\/p><ul><li>We reserve the right to update this Privacy Policy as required. Any changes will become effective immediately upon publication of the revised policy on our website, demonstrating our commitment to transparency and keeping our valued users informed in a timely manner.<\/li><\/ul><\/li><li><p><strong>Tu opini\u00f3n importa:<\/strong><\/p><ul><li>Si tiene alguna consulta, inquietud o solicitud especial con respecto a nuestra Pol\u00edtica de privacidad o la gesti\u00f3n de su informaci\u00f3n, le invitamos a comunicarse con nosotros a trav\u00e9s de nuestro formulario de contacto exclusivo. Su aporte es invaluable y contribuye a nuestro compromiso continuo con la transparencia y el servicio excepcional.<\/li><\/ul><\/li><\/ol><p>Al interactuar con nuestro sitio web o nuestros servicios, usted afirma que ha le\u00eddo y dado su consentimiento a esta Pol\u00edtica de Privacidad. Le recomendamos amablemente que revise esta pol\u00edtica peri\u00f3dicamente para mantenerse informado sobre cualquier actualizaci\u00f3n o modificaci\u00f3n, ya que su uso continuo significa que est\u00e1 de acuerdo con cualquier cambio realizado.<\/p>\t\t\t\t\t\t<\/div>\n\t\t\t\t<\/div>\n\t\t\t\t\t<\/div>\n\t\t<\/div>\n\t\t\t\t\t<\/div>\n\t\t<\/section>\n\t\t\t\t<\/div>","protected":false},"excerpt":{"rendered":"<p>Privacy Policy At Apply-W7-Now.com, we are committed to protecting your privacy and ensuring the security of your personal information. Our Privacy Policy delineates the meticulous process through which we gather, utilize, divulge, and safeguard your data whenever you explore our website or use our services related to ITIN application assistance. The Data We Acquire: Personal [&hellip;]<\/p>","protected":false},"author":1,"featured_media":0,"parent":0,"menu_order":0,"comment_status":"closed","ping_status":"closed","template":"elementor_header_footer","meta":{"footnotes":""},"class_list":["post-42","page","type-page","status-publish","hentry"],"_links":{"self":[{"href":"https:\/\/apply-w7-now.com\/es\/wp-json\/wp\/v2\/pages\/42","targetHints":{"allow":["GET"]}}],"collection":[{"href":"https:\/\/apply-w7-now.com\/es\/wp-json\/wp\/v2\/pages"}],"about":[{"href":"https:\/\/apply-w7-now.com\/es\/wp-json\/wp\/v2\/types\/page"}],"author":[{"embeddable":true,"href":"https:\/\/apply-w7-now.com\/es\/wp-json\/wp\/v2\/users\/1"}],"replies":[{"embeddable":true,"href":"https:\/\/apply-w7-now.com\/es\/wp-json\/wp\/v2\/comments?post=42"}],"version-history":[{"count":148,"href":"https:\/\/apply-w7-now.com\/es\/wp-json\/wp\/v2\/pages\/42\/revisions"}],"predecessor-version":[{"id":5065,"href":"https:\/\/apply-w7-now.com\/es\/wp-json\/wp\/v2\/pages\/42\/revisions\/5065"}],"wp:attachment":[{"href":"https:\/\/apply-w7-now.com\/es\/wp-json\/wp\/v2\/media?parent=42"}],"curies":[{"name":"wp","href":"https:\/\/api.w.org\/{rel}","templated":true}]}}