{"id":212,"date":"2022-05-20T16:53:36","date_gmt":"2022-05-20T16:53:36","guid":{"rendered":"https:\/\/apply-w7-now.com\/?page_id=212"},"modified":"2024-04-03T20:12:52","modified_gmt":"2024-04-03T20:12:52","slug":"about-us","status":"publish","type":"page","link":"https:\/\/apply-w7-now.com\/es\/about-us\/","title":{"rendered":"Sobre nosotras"},"content":{"rendered":"<div data-elementor-type=\"wp-page\" data-elementor-id=\"212\" class=\"elementor elementor-212\" data-elementor-post-type=\"page\">\n\t\t\t\t\t\t<section class=\"elementor-section elementor-top-section elementor-element elementor-element-c42f054 elementor-section-boxed elementor-section-height-default elementor-section-height-default\" data-id=\"c42f054\" data-element_type=\"section\">\n\t\t\t\t\t\t<div class=\"elementor-container elementor-column-gap-default\">\n\t\t\t\t\t<div class=\"elementor-column elementor-col-50 elementor-top-column elementor-element elementor-element-d060e85\" data-id=\"d060e85\" data-element_type=\"column\">\n\t\t\t<div class=\"elementor-widget-wrap elementor-element-populated\">\n\t\t\t\t\t\t<div class=\"elementor-element elementor-element-5e57fba elementor-widget elementor-widget-text-editor\" data-id=\"5e57fba\" data-element_type=\"widget\" data-widget_type=\"text-editor.default\">\n\t\t\t\t<div class=\"elementor-widget-container\">\n\t\t\t<style>\/*! elementor - v3.23.0 - 15-07-2024 *\/\n.elementor-widget-text-editor.elementor-drop-cap-view-stacked .elementor-drop-cap{background-color:#69727d;color:#fff}.elementor-widget-text-editor.elementor-drop-cap-view-framed .elementor-drop-cap{color:#69727d;border:3px solid;background-color:transparent}.elementor-widget-text-editor:not(.elementor-drop-cap-view-default) .elementor-drop-cap{margin-top:8px}.elementor-widget-text-editor:not(.elementor-drop-cap-view-default) .elementor-drop-cap-letter{width:1em;height:1em}.elementor-widget-text-editor .elementor-drop-cap{float:left;text-align:center;line-height:1;font-size:50px}.elementor-widget-text-editor .elementor-drop-cap-letter{display:inline-block}<\/style>\t\t\t\t<h2>Sobre nosotras<\/h2><h4>Ayud\u00e1ndolo a obtener su ITIN<\/h4><p>Bienvenido a Apply W7 Now, tu destino principal para servicios de solicitud de ITIN (N\u00famero de Identificaci\u00f3n del Contribuyente Individual) sin complicaciones. En Apply W7 Now, nos especializamos en simplificar el proceso de obtenci\u00f3n de un ITIN, garantizando que las personas puedan navegar f\u00e1cilmente por las complejidades de los requisitos fiscales de EE. UU.<\/p><p>Con un enfoque en conveniencia y eficiencia, Apply W7 Now ofrece una plataforma en l\u00ednea simplificada donde los usuarios pueden iniciar el proceso de solicitud de ITIN con facilidad. Nuestra interfaz f\u00e1cil de usar te gu\u00eda a trav\u00e9s de cada paso, desde proporcionar la informaci\u00f3n necesaria hasta enviar tu solicitud de forma segura.<\/p><p>Respaldados por un equipo de expertos versados en las regulaciones del IRS, Apply W7 Now garantiza precisi\u00f3n y cumplimiento durante todo el proceso de solicitud. Ya sea que seas un extranjero residente o no residente, nuestros servicios est\u00e1n dise\u00f1ados para personas de todos los \u00e1mbitos de la vida, ayud\u00e1ndoles a cumplir con sus obligaciones fiscales en los Estados Unidos.<\/p><p>En Apply W7 Now, entendemos la importancia de un servicio oportuno y confiable. Es por eso que priorizamos el procesamiento y la entrega r\u00e1pidos, asegurando que recibas tu ITIN de manera oportuna.<\/p><p>Elige Apply W7 Now para una experiencia de solicitud de ITIN sin problemas. Perm\u00edtenos simplificar el proceso para ti, para que puedas concentrarte en lo que m\u00e1s importa.<\/p>\t\t\t\t\t\t<\/div>\n\t\t\t\t<\/div>\n\t\t\t\t\t<\/div>\n\t\t<\/div>\n\t\t\t\t<div class=\"elementor-column elementor-col-50 elementor-top-column elementor-element elementor-element-649836e elementor-hidden-mobile\" data-id=\"649836e\" data-element_type=\"column\">\n\t\t\t<div class=\"elementor-widget-wrap elementor-element-populated\">\n\t\t\t\t\t\t<div class=\"elementor-element elementor-element-e03e61f elementor-widget elementor-widget-image\" data-id=\"e03e61f\" data-element_type=\"widget\" data-widget_type=\"image.default\">\n\t\t\t\t<div class=\"elementor-widget-container\">\n\t\t\t<style>\/*! elementor - v3.23.0 - 15-07-2024 *\/\n.elementor-widget-image{text-align:center}.elementor-widget-image a{display:inline-block}.elementor-widget-image a img[src$=\".svg\"]{width:48px}.elementor-widget-image img{vertical-align:middle;display:inline-block}<\/style>\t\t\t\t\t\t\t\t\t\t<img fetchpriority=\"high\" decoding=\"async\" width=\"683\" height=\"1024\" src=\"https:\/\/apply-w7-now.com\/wp-content\/uploads\/2024\/03\/smiling-daydreaming-young-businesswoman-sitting-near-desk-683x1024.jpg\" class=\"attachment-large size-large wp-image-1020\" alt=\"\" srcset=\"https:\/\/apply-w7-now.com\/wp-content\/uploads\/2024\/03\/smiling-daydreaming-young-businesswoman-sitting-near-desk-683x1024.jpg 683w, https:\/\/apply-w7-now.com\/wp-content\/uploads\/2024\/03\/smiling-daydreaming-young-businesswoman-sitting-near-desk-200x300.jpg 200w, https:\/\/apply-w7-now.com\/wp-content\/uploads\/2024\/03\/smiling-daydreaming-young-businesswoman-sitting-near-desk-768x1151.jpg 768w, https:\/\/apply-w7-now.com\/wp-content\/uploads\/2024\/03\/smiling-daydreaming-young-businesswoman-sitting-near-desk-1025x1536.jpg 1025w, https:\/\/apply-w7-now.com\/wp-content\/uploads\/2024\/03\/smiling-daydreaming-young-businesswoman-sitting-near-desk-1367x2048.jpg 1367w, https:\/\/apply-w7-now.com\/wp-content\/uploads\/2024\/03\/smiling-daydreaming-young-businesswoman-sitting-near-desk-8x12.jpg 8w, https:\/\/apply-w7-now.com\/wp-content\/uploads\/2024\/03\/smiling-daydreaming-young-businesswoman-sitting-near-desk-scaled.jpg 1709w\" sizes=\"(max-width: 683px) 100vw, 683px\" \/>\t\t\t\t\t\t\t\t\t\t\t\t\t<\/div>\n\t\t\t\t<\/div>\n\t\t\t\t\t<\/div>\n\t\t<\/div>\n\t\t\t\t\t<\/div>\n\t\t<\/section>\n\t\t\t\t<\/div>","protected":false},"excerpt":{"rendered":"<p>About Us Assisting you with getting your ITIN Welcome to Apply W7 Now, your premier destination for hassle-free ITIN (Individual Taxpayer Identification Number) application services. At Apply W7 Now, we specialize in simplifying the process of obtaining an ITIN, ensuring that individuals can easily navigate the complexities of U.S. tax requirements. With a focus on [&hellip;]<\/p>","protected":false},"author":1,"featured_media":0,"parent":0,"menu_order":0,"comment_status":"closed","ping_status":"closed","template":"elementor_header_footer","meta":{"footnotes":""},"class_list":["post-212","page","type-page","status-publish","hentry"],"_links":{"self":[{"href":"https:\/\/apply-w7-now.com\/es\/wp-json\/wp\/v2\/pages\/212","targetHints":{"allow":["GET"]}}],"collection":[{"href":"https:\/\/apply-w7-now.com\/es\/wp-json\/wp\/v2\/pages"}],"about":[{"href":"https:\/\/apply-w7-now.com\/es\/wp-json\/wp\/v2\/types\/page"}],"author":[{"embeddable":true,"href":"https:\/\/apply-w7-now.com\/es\/wp-json\/wp\/v2\/users\/1"}],"replies":[{"embeddable":true,"href":"https:\/\/apply-w7-now.com\/es\/wp-json\/wp\/v2\/comments?post=212"}],"version-history":[{"count":63,"href":"https:\/\/apply-w7-now.com\/es\/wp-json\/wp\/v2\/pages\/212\/revisions"}],"predecessor-version":[{"id":1061,"href":"https:\/\/apply-w7-now.com\/es\/wp-json\/wp\/v2\/pages\/212\/revisions\/1061"}],"wp:attachment":[{"href":"https:\/\/apply-w7-now.com\/es\/wp-json\/wp\/v2\/media?parent=212"}],"curies":[{"name":"wp","href":"https:\/\/api.w.org\/{rel}","templated":true}]}}